{"id":79,"date":"2015-04-06T17:15:25","date_gmt":"2015-04-06T15:15:25","guid":{"rendered":"http:\/\/wtzolsztynek.idsl.pl\/?page_id=79"},"modified":"2021-03-11T21:57:33","modified_gmt":"2021-03-11T20:57:33","slug":"kontakt","status":"publish","type":"page","link":"https:\/\/wtzolsztynek.idsl.pl\/?page_id=79","title":{"rendered":"Kontakt"},"content":{"rendered":"<h3 style=\"text-align: center;\"><b>Warsztaty Terapii Zaj\u0119ciowej przy Stowarzyszeniu<br \/>\nNa Rzecz Os\u00f3b Niepe\u0142nosprawnych i Ich Rodzin w Olsztynku<\/b><\/h3>\n<p style=\"text-align: center;\"><b>Prezes stowarzyszenia:<\/b><i> Rados\u0142aw Juszczyk<\/i><b><br \/>\nKierownik WTZ:<\/b><i> Iwona Panasiuk &#8211; Kowalewska<\/i><\/p>\n<p style=\"text-align: center;\"><b>Telefon\/Fax<\/b><br \/>\n(0 89) 519 25 75<\/p>\n<p style=\"text-align: center;\"><b>Adres pocztowy<\/b><br \/>\n11-015 Olsztynek, ul. Ostr\u00f3dzka 4c,<br \/>\nwoj. warmi\u0144sko-mazurskie<\/p>\n<p style=\"text-align: center;\"><b>Bank Sp\u00f3\u0142dzielczy w Olsztynku<\/b><br \/>\n69 8823 0007 2001 0000 2727 0001<br \/>\n<b><br \/>\nKRS <\/b>0000052660<b><\/b><\/p>\n<p style=\"text-align: center;\"><strong>Poczta elektroniczna<\/strong><br \/>\n<strong>Kierownik<\/strong>: i.panasiukkierownik@wtzolsztynek.idsl.pl<\/p>\n<p style=\"text-align: center;\"><strong>Ksi\u0119gowo\u015b\u0107<\/strong>: ksiegowosc@wtzolsztynek.idsl.pl<\/p>\n<p style=\"text-align: center;\"><strong>Sekretariat<\/strong>: wtzolsztynek@wp.pl<\/p>\n<p style=\"text-align: center;\"><span style=\"text-decoration: underline;\"><strong>Tu jeste\u015bmy!<br \/>\n<\/strong><\/span><div class=\"wpgmza-store-locator wpgmza_sl_main_div\" data-id=\"1\">\r\n\t<div class=\"wpgmza-address-container wpgmza-form-field wpgmza_sl_query_div wpgmza-clearfix\">\r\n\t\t<label class=\"wpgmza-address wpgmza-form-field__label wpgmza-form-field__label--float\" data-name=\"addressLabel\" for=\"addressInput\">Kod pocztowy\/Adres<\/label>\r\n\t\t<input class=\"wpgmza-address\" type=\"text\" placeholder=\"Enter a location\" autocomplete=\"off\" data-name=\"defaultAddress\" value=\"\" id=\"addressInput\" size=\"20\" aria-label=\"Kod pocztowy\/Adres\">\r\n\t<\/div>\r\n\t\r\n\t<div class=\"wpgmza-radius-container wpgmza-form-field wpgmza_sl_radius_div wpgmza-clearfix\">\r\n\t\t<label class=\"wpgmza-radius wpgmza-form-field__label wpgmza-form-field__label--float\" for=\"radiusSelect\">\r\n\t\t\tPromie\u0144\t\t<\/label>\r\n\t\t<select class=\"wpgmza-radius wpgmza-form-field__input wpgmza_sl_radius_select\" id=\"radiusSelect\" aria-label=\"Promie\u0144\"><option class=\"wpgmza-radius wpgmza_sl_select_option\" value=\"1\">1mila<\/option><option class=\"wpgmza-radius wpgmza_sl_select_option\" value=\"5\">5mila<\/option><option class=\"wpgmza-radius wpgmza_sl_select_option\" value=\"10\" selected>10mila<\/option><option class=\"wpgmza-radius wpgmza_sl_select_option\" value=\"25\">25mila<\/option><option class=\"wpgmza-radius wpgmza_sl_select_option\" value=\"50\">50mila<\/option><option class=\"wpgmza-radius wpgmza_sl_select_option\" value=\"75\">75mila<\/option><option class=\"wpgmza-radius wpgmza_sl_select_option\" value=\"100\">100mila<\/option><option class=\"wpgmza-radius wpgmza_sl_select_option\" value=\"150\">150mila<\/option><option class=\"wpgmza-radius wpgmza_sl_select_option\" value=\"200\">200mila<\/option><option class=\"wpgmza-radius wpgmza_sl_select_option\" value=\"300\">300mila<\/option><\/select>\r\n\t<\/div>\r\n\t\r\n\t<input class=\"wpgmza-search wpgmza_sl_search_button wpgmza_sl_search_button_1\" value=\"Wyszukiwanie\" type=\"button\" onclick=\"searchLocations(1)\">\r\n\t\r\n\t<div class=\"wpgmza-no-results wpgmza-not-found-msg js-not-found-msg\" style=\"display: none;\">\r\n\t\t<p data-name=\"notFoundMessage\">No results found in this location. Please try again.<\/p>\r\n\t<\/div>\r\n<\/div><div id=\"wpgmza_map\" class=\"wpgmza_map\" data-settings='{\"id\":\"1\",\"map_title\":\"My first map\",\"map_width\":\"450\",\"map_height\":\"400\",\"map_start_lat\":\"53.584143\",\"map_start_lng\":\"20.281718\",\"map_start_location\":\"53.58414319275611,20.281717661376895\",\"map_start_zoom\":\"15\",\"default_marker\":\"0\",\"type\":\"1\",\"alignment\":\"2\",\"directions_enabled\":\"1\",\"styling_enabled\":\"0\",\"styling_json\":\"\",\"active\":\"0\",\"kml\":\"\",\"bicycle\":\"0\",\"traffic\":\"0\",\"dbox\":\"1\",\"dbox_width\":\"250\",\"listmarkers\":\"0\",\"listmarkers_advanced\":\"0\",\"filterbycat\":\"0\",\"ugm_enabled\":\"0\",\"ugm_category_enabled\":\"0\",\"fusion\":\"\",\"map_width_type\":\"px\",\"map_height_type\":\"px\",\"mass_marker_support\":\"1\",\"ugm_access\":\"0\",\"order_markers_by\":\"0\",\"order_markers_choice\":\"0\",\"show_user_location\":\"0\",\"default_to\":\"\",\"other_settings\":{\"store_locator_enabled\":true,\"store_locator_distance\":true,\"weather_layer\":2,\"weather_layer_temp_type\":1,\"cloud_layer\":2,\"transport_layer\":false,\"action\":\"wpgmza_save_map\",\"redirect_to\":\"\\\/wp-admin\\\/admin-post.php\",\"map_id\":\"1\",\"http_referer\":\"\\\/wp-admin\\\/admin.php?page=wp-google-maps-menu&amp;action=edit&amp;map_id=1\",\"wpgmza_id\":\"1\",\"wpgmza_start_location\":\"\",\"wpgmza_start_zoom\":\"4\",\"wpgmza_theme_data\":\"\",\"store_locator_search_area\":\"radial\",\"wpgmza_store_locator_radius_style\":\"legacy\",\"wpgmza_store_locator_default_radius\":\"10\",\"store_locator_auto_area_max_zoom\":\"\",\"wpgmza_store_locator_position\":false,\"store_locator_show_distance\":false,\"store_locator_category\":false,\"wpgmza_store_locator_use_their_location\":false,\"wpgmza_store_locator_bounce\":false,\"wpgmza_sl_animation\":null,\"wpgmza_store_locator_hide_before_search\":false,\"store_locator_query_string\":\"\",\"store_locator_default_address\":\"\",\"store_locator_name_search\":false,\"store_locator_name_string\":\"\",\"store_locator_not_found_message\":\"\",\"sl_stroke_color\":\"\",\"sl_stroke_opacity\":\"\",\"sl_fill_color\":\"\",\"sl_fill_opacity\":\"\",\"wpgmza_map_align\":\"2\",\"jump_to_nearest_marker_on_initialization\":false,\"automatically_pan_to_users_location\":false,\"override_users_location_zoom_level\":false,\"override_users_location_zoom_levels\":\"\",\"show_distance_from_location\":false,\"map_max_zoom\":\"21\",\"map_min_zoom\":\"0\",\"click_open_link\":false,\"fit_maps_bounds_to_markers\":false,\"fit_maps_bounds_to_markers_after_filtering\":false,\"hide_point_of_interest\":false,\"wpgmza_zoom_on_marker_click\":false,\"wpgmza_zoom_on_marker_click_slider\":\"\",\"close_infowindow_on_map_click\":false,\"disable_lightbox_images\":false,\"use_Raw_Jpeg_Coordinates\":false,\"polygon_labels\":false,\"disable_polygon_info_windows\":false,\"enable_marker_ratings\":false,\"only_load_markers_within_viewport\":false,\"iw_primary_color\":\"\",\"iw_accent_color\":\"\",\"iw_text_color\":\"\",\"wpgmza_listmarkers_by\":\"0\",\"wpgmza_marker_listing_position\":false,\"wpgmza_push_in_map\":false,\"wpgmza_push_in_map_placement\":null,\"wpgmza_push_in_map_width\":\"\",\"wpgmza_push_in_map_height\":\"\",\"datatable_no_result_message\":\"\",\"remove_search_box_datables\":false,\"dataTable_pagination_style\":null,\"datatable_search_string\":\"\",\"datatable_result_start\":\"\",\"datatable_result_of\":\"\",\"datatable_result_to\":\"\",\"datatable_result_total\":\"\",\"datatable_result_show\":\"\",\"datatable_result_entries\":\"\",\"wpgmza_savemap\":\"Zapisz map\\u0119 \\u00bb\"}}' data-map-id='1' Data-maps-engine='google-maps' data-shortcode-attributes='{\"id\":\"1\"}' style=\"display:block; overflow:auto; width:450px; height:400px; margin-left:auto !important; margin-right:auto; !important; align:center;\"><\/div><\/p>\n","protected":false},"excerpt":{"rendered":"<p>Warsztaty Terapii Zaj\u0119ciowej przy Stowarzyszeniu Na Rzecz Os\u00f3b Niepe\u0142nosprawnych i Ich Rodzin w Olsztynku Prezes stowarzyszenia: Rados\u0142aw Juszczyk Kierownik WTZ: Iwona Panasiuk &#8211; Kowalewska Telefon\/Fax (0 89) 519 25 75 Adres pocztowy 11-015 Olsztynek, ul. Ostr\u00f3dzka 4c, woj. warmi\u0144sko-mazurskie Bank Sp\u00f3\u0142dzielczy w Olsztynku 69 8823 0007 2001 0000 2727 0001 KRS 0000052660 Poczta elektroniczna Kierownik:\u2026 <span class=\"read-more\"><a href=\"https:\/\/wtzolsztynek.idsl.pl\/?page_id=79\">Dowiedz si\u0119 wi\u0119cej &raquo;<\/a><\/span><\/p>\n","protected":false},"author":1,"featured_media":0,"parent":0,"menu_order":6,"comment_status":"closed","ping_status":"closed","template":"","meta":{"ngg_post_thumbnail":0,"footnotes":""},"class_list":["post-79","page","type-page","status-publish","hentry"],"_links":{"self":[{"href":"https:\/\/wtzolsztynek.idsl.pl\/index.php?rest_route=\/wp\/v2\/pages\/79","targetHints":{"allow":["GET"]}}],"collection":[{"href":"https:\/\/wtzolsztynek.idsl.pl\/index.php?rest_route=\/wp\/v2\/pages"}],"about":[{"href":"https:\/\/wtzolsztynek.idsl.pl\/index.php?rest_route=\/wp\/v2\/types\/page"}],"author":[{"embeddable":true,"href":"https:\/\/wtzolsztynek.idsl.pl\/index.php?rest_route=\/wp\/v2\/users\/1"}],"replies":[{"embeddable":true,"href":"https:\/\/wtzolsztynek.idsl.pl\/index.php?rest_route=%2Fwp%2Fv2%2Fcomments&post=79"}],"version-history":[{"count":0,"href":"https:\/\/wtzolsztynek.idsl.pl\/index.php?rest_route=\/wp\/v2\/pages\/79\/revisions"}],"wp:attachment":[{"href":"https:\/\/wtzolsztynek.idsl.pl\/index.php?rest_route=%2Fwp%2Fv2%2Fmedia&parent=79"}],"curies":[{"name":"wp","href":"https:\/\/api.w.org\/{rel}","templated":true}]}}